{"id":2,"date":"2024-02-01T20:57:08","date_gmt":"2024-02-01T23:57:08","guid":{"rendered":"http:\/\/impactofitness.online\/?page_id=2"},"modified":"2024-02-02T19:34:57","modified_gmt":"2024-02-02T22:34:57","slug":"pagina-exemplo","status":"publish","type":"page","link":"https:\/\/impactofitness.online\/index.php\/pagina-exemplo\/","title":{"rendered":"Sobre N\u00f3s"},"content":{"rendered":"\n<p>Na Impacto Fitness, estamos mais do que um centro de exerc\u00edcios; somos um epicentro de transforma\u00e7\u00e3o pessoal. Aqui, cada movimento \u00e9 uma jornada para desbloquear seu potencial m\u00e1ximo. Moldamos vidas, esculpimos corpos e cultivamos uma comunidade vibrante focada no bem-estar. Seja parte do impacto positivo, onde a for\u00e7a se encontra com a supera\u00e7\u00e3o, e cada sess\u00e3o \u00e9 uma celebra\u00e7\u00e3o da sua jornada para uma vida mais forte e saud\u00e1vel. Descubra o que \u00e9 poss\u00edvel com Impacto Fitness &#8211; o lugar onde a mudan\u00e7a acontece, e voc\u00ea \u00e9 a inspira\u00e7\u00e3o.<\/p>\n","protected":false},"excerpt":{"rendered":"<p>Na Impacto Fitness, estamos mais do que um centro de exerc\u00edcios; somos um epicentro de transforma\u00e7\u00e3o pessoal. Aqui, cada movimento \u00e9 uma jornada para desbloquear<\/p>\n","protected":false},"author":1,"featured_media":0,"parent":0,"menu_order":0,"comment_status":"closed","ping_status":"open","template":"","meta":{"om_disable_all_campaigns":false,"_monsterinsights_skip_tracking":false,"_monsterinsights_sitenote_active":false,"_monsterinsights_sitenote_note":"","_monsterinsights_sitenote_category":0,"footnotes":""},"aioseo_notices":[],"_links":{"self":[{"href":"https:\/\/impactofitness.online\/index.php\/wp-json\/wp\/v2\/pages\/2"}],"collection":[{"href":"https:\/\/impactofitness.online\/index.php\/wp-json\/wp\/v2\/pages"}],"about":[{"href":"https:\/\/impactofitness.online\/index.php\/wp-json\/wp\/v2\/types\/page"}],"author":[{"embeddable":true,"href":"https:\/\/impactofitness.online\/index.php\/wp-json\/wp\/v2\/users\/1"}],"replies":[{"embeddable":true,"href":"https:\/\/impactofitness.online\/index.php\/wp-json\/wp\/v2\/comments?post=2"}],"version-history":[{"count":1,"href":"https:\/\/impactofitness.online\/index.php\/wp-json\/wp\/v2\/pages\/2\/revisions"}],"predecessor-version":[{"id":8,"href":"https:\/\/impactofitness.online\/index.php\/wp-json\/wp\/v2\/pages\/2\/revisions\/8"}],"wp:attachment":[{"href":"https:\/\/impactofitness.online\/index.php\/wp-json\/wp\/v2\/media?parent=2"}],"curies":[{"name":"wp","href":"https:\/\/api.w.org\/{rel}","templated":true}]}}